{"id":14252,"date":"2024-04-18T09:27:12","date_gmt":"2024-04-18T07:27:12","guid":{"rendered":"https:\/\/smauc.si\/datenschutz\/"},"modified":"2024-07-09T12:24:15","modified_gmt":"2024-07-09T10:24:15","slug":"datenschutz","status":"publish","type":"page","link":"https:\/\/smauc.si\/de\/datenschutz\/","title":{"rendered":"Datenschutz"},"content":{"rendered":"<div class=\"wpb-content-wrapper\"><p>[vc_row css=&#8220;.vc_custom_1720520636283{padding-bottom: 40px !important;}&#8220;][vc_column][vc_column_text]<\/p>\n<p style=\"text-align: center;\"><span style=\"color: #000000;\">Schutz personenbezogener Daten<\/span><\/p>\n<p style=\"text-align: center;\"><span style=\"color: #000000;\">Eigent\u00fcmer und Betreiber der Website www.smauc.si<\/span><br \/>\n<span style=\"color: #000000;\">Offizieller Firmenname: \u0160MAUC TRADE d.o.o.<\/span><br \/>\n<span style=\"color: #000000;\">Firmensitz: Cven 11\/F, 9240 Ljutomer<\/span><br \/>\n<span style=\"color: #000000;\">Gesetzlicher Vertreter: Igor \u0160mauc<\/span><br \/>\n<span style=\"color: #000000;\">Website: www.smauc.si<\/span><br \/>\n<span style=\"color: #000000;\">E-Mail: Tourism@smauc.si<\/span><\/p>\n<p><span style=\"color: #000000;\">Nutzung, Umfang und Zweck der Speicherung und Verarbeitung<\/span><\/p>\n<p><span style=\"color: #000000;\">Wir speichern und verarbeiten personenbezogene Daten zum Zwecke der Kontaktpflege mit Kunden, Marketinginformationen per E-Mail, Verkaufsf\u00f6rderung, Kundenprofilierung mit dem Ziel, Kunden per E-Mail und auf Websites ma\u00dfgeschneiderte Inhalte und Produkte anzubieten. Mit den versendeten elektronischen Nachrichten erfassen wir die Anzeige der empfangenen Nachrichten auf der Seite der Person und die Klicks auf die Links in den empfangenen Nachrichten. F\u00fcr ein besseres und gezielteres Angebot und zur Anpassung weiterer Nachrichten verarbeiten, analysieren, profilieren und werten wir das Interesse unserer Kunden an den versendeten Nachrichten automatisch aus. Wir treffen keine automatisierten Entscheidungen auf Grundlage erfasster Daten und erstellter Profile.<\/span><\/p>\n<p><span style=\"color: #000000;\">Zum Zweck der Benachrichtigung per E-Mail speichern wir folgende Daten:<\/span><\/p>\n<p><span style=\"color: #000000;\">E-Mail-Adresse,<\/span><br \/>\n<span style=\"color: #000000;\">Name,<\/span><br \/>\n<span style=\"color: #000000;\">Familienname, Nachname,<\/span><br \/>\n<span style=\"color: #000000;\">Telefonnummer<\/span><br \/>\n<span style=\"color: #000000;\">Name der Firma<\/span><\/p>\n<p><span style=\"color: #000000;\">Wir erheben personenbezogene Daten mit ausdr\u00fccklicher Einwilligung bzw mit Zustimmung einzelner Personen. Wir speichern Einwilligungen sowie deren Inhalt und den Inhalt des Formulars, mit dem sie eingeholt wurden.\u200b<\/span><\/p>\n<p><span style=\"color: #000000;\">\u200b<\/span><\/p>\n<p><span style=\"color: #000000;\">Menge<\/span><\/p>\n<p><span style=\"color: #000000;\">Die gesammelten personenbezogenen Daten werden im Hoheitsgebiet der Republik Slowenien gespeichert und niemals in andere L\u00e4nder exportiert.<\/span><\/p>\n<p><span style=\"color: #000000;\">\u200b<\/span><\/p>\n<p><span style=\"color: #000000;\">Aufbewahrungsfrist<\/span><\/p>\n<p><span style=\"color: #000000;\">Bis zum Widerruf der Einwilligung zur Datenspeicherung und -verarbeitung speichern wir die erhobenen personenbezogenen Daten nat\u00fcrlicher Personen. Im Falle des Widerrufs der Einwilligung einer Person werden deren personenbezogene Daten unverz\u00fcglich und dauerhaft gel\u00f6scht.<\/span><\/p>\n<p><span style=\"color: #000000;\">Sollten die oben beschriebenen Zwecke, zu denen wir personenbezogene Daten speichern und verarbeiten, in unserem Unternehmen wegfallen, werden wir die Datensammlungen, deren Zweck weggefallen ist, unverz\u00fcglich und endg\u00fcltig l\u00f6schen.<\/span><\/p>\n<p><span style=\"color: #000000;\">Wir bewahren Daten \u00fcber die Anzeige empfangener Nachrichten und Klicks auf Links in empfangenen Nachrichten 12 Monate lang nach dem Absenden der Nachricht auf.<\/span><\/p>\n<p><span style=\"color: #000000;\">\u200b<\/span><\/p>\n<p><span style=\"color: #000000;\">Wie wir gesammelte personenbezogene Daten sch\u00fctzen<\/span><\/p>\n<p><span style=\"color: #000000;\">Wir stellen immer nur Inhalte und Informationen zur Verf\u00fcgung und fragen niemals nach Kreditkartennummern oder anderen Informationen, die von Cyberkriminellen missbraucht werden k\u00f6nnten. Die Website www.smauc.si wird auf einem sicheren Webserver von einem gepr\u00fcften Webdienstanbieter gehostet.<\/span><\/p>\n<p><span style=\"color: #000000;\">Wir nutzen die erhobenen personenbezogenen Daten ausschlie\u00dflich f\u00fcr die oben genannten Zwecke zur eigenen Werbung und zur Information der Nutzer. Wir geben keine Daten an Dritte weiter, mit Ausnahme von Partnern, die uns bei der Pflege der Website unterst\u00fctzen, die jedoch verpflichtet sind, personenbezogene Daten unter den gleichen Bedingungen zu sch\u00fctzen, die f\u00fcr \u0160MAUC TRADE d.o.o. gelten.<\/span><\/p>\n<p><span style=\"color: #000000;\">In Ausnahmef\u00e4llen k\u00f6nnen wir Ihre personenbezogenen Daten im Rahmen der gesetzlichen Bestimmungen an Staats- und Sicherheitsbeh\u00f6rden weitergeben, wenn diese eine beh\u00f6rdliche Anfrage zur Weitergabe personenbezogener Daten stellen w\u00fcrden.<\/span><\/p>\n<p><span style=\"color: #000000;\">\u200b<\/span><\/p>\n<p><span style=\"color: #000000;\">Individual Rechte<\/span><\/p>\n<p><span style=\"color: #000000;\">Jede nat\u00fcrliche Person kann jederzeit Folgendes f\u00fcr ihre Daten verlangen:<\/span><\/p>\n<p><span style=\"color: #000000;\">Einblick,<\/span><br \/>\n<span style=\"color: #000000;\">Korrektur,<\/span><br \/>\n<span style=\"color: #000000;\">vollst\u00e4ndige L\u00f6schung,<\/span><br \/>\n<span style=\"color: #000000;\">\u00dcbertragung an einen anderen Anbieter damit verbundener Dienstleistungen,<\/span><br \/>\n<span style=\"color: #000000;\">Unterbrechung der Verarbeitung und Speicherung bzw Widerruf der Einwilligung zur Verarbeitung und Speicherung, ohne dass die Rechtm\u00e4\u00dfigkeit der auf der Einwilligung beruhenden Verarbeitung ber\u00fchrt wird bzw die Einwilligung bis zu deren Widerruf ausgef\u00fchrt hat.<\/span><\/p>\n<p><span style=\"color: #000000;\">Die Anfrage kann per E-Mail Tourism@smauc.si mit dem Vermerk \u201eABMELDUNG! \u2013 Beendigung der Nutzung personenbezogener Daten\u201c oder schriftlich per Post an den Firmensitz gesendet werden.<\/span><\/p>\n<p><span style=\"color: #000000;\">F\u00fcr den Fall, dass unser Unternehmen personenbezogene Daten f\u00fcr einen anderen Zweck als den Zweck, f\u00fcr den die personenbezogenen Daten erhoben wurden, weiterverarbeiten m\u00f6chte, werden wir den Betroffenen vor der Weiterverarbeitung \u00fcber diesen anderen Zweck und alle weiteren relevanten Informationen informieren der Daten in diesem Dokument.<\/span><\/p>\n<p><span style=\"color: #000000;\">Jede Person, die der Meinung ist, dass ihre Rechte zum Schutz ihrer personenbezogenen Daten in irgendeiner Weise durch uns verletzt wurden, kann jederzeit eine Beschwerde bei der Aufsichtsbeh\u00f6rde \u2013 dem Datenschutzbeauftragten der Republik Slowenien \u2013 einreichen:<\/span><br \/>\n<span style=\"color: #000000;\">Republik Slowenien, Informationsbeauftragter, Zalo\u0161ka 59, 1000 Ljubljana, https:\/\/www.ip-rs.si<\/span><\/p>\n<p><span style=\"color: #000000;\">\u0160MAUC TRADE d.o.o. respektiert Ihre Privatsph\u00e4re und in \u00dcbereinstimmung mit der Gesetzgebung (Gesetz zum Schutz personenbezogener Daten ZVOP-1, Amtsblatt der RS \u200b\u200bNr. 86\/04 und DSGVO), daher f\u00fchren wir auf der Website www.smauc.si alle Aktivit\u00e4ten f\u00fcr durch den Schutz und den ethischen Umgang mit Ihren personenbezogenen Daten.<\/span><\/p>\n<p><span style=\"color: #000000;\">F\u00fcr weitere Erl\u00e4uterungen zur Datenschutzrichtlinie von \u0160MAUC TRADE d.o.o. k\u00f6nnen Sie uns unter Tourism@smauc.si schreiben<\/span><\/p>\n<p><span style=\"color: #000000;\">Wir bewahren die erhobenen personenbezogenen Daten von Einzelpersonen auf, bis die Einwilligung zur Datenspeicherung und -verarbeitung widerrufen wird. Im Falle des Widerrufs der Einwilligung einer Person werden deren personenbezogene Daten unverz\u00fcglich und dauerhaft gel\u00f6scht.<\/span>[\/vc_column_text][\/vc_column][\/vc_row]<\/p>\n<\/div>","protected":false},"excerpt":{"rendered":"<p>[vc_row css=&#8220;.vc_custom_1720520636283{padding-bottom: 40px !important;}&#8220;][vc_column][vc_column_text] Schutz personenbezogener Daten Eigent\u00fcmer und Betreiber der Website www.smauc.si Offizieller Firmenname: \u0160MAUC TRADE d.o.o. Firmensitz: Cven 11\/F, 9240 Ljutomer Gesetzlicher Vertreter: Igor \u0160mauc Website: www.smauc.si E-Mail: Tourism@smauc.si Nutzung, Umfang und Zweck der Speicherung und Verarbeitung Wir [&hellip;]<\/p>\n","protected":false},"author":1,"featured_media":0,"parent":0,"menu_order":0,"comment_status":"closed","ping_status":"open","template":"","meta":{"footnotes":""},"class_list":["post-14252","page","type-page","status-publish","hentry"],"aioseo_notices":[],"_links":{"self":[{"href":"https:\/\/smauc.si\/de\/wp-json\/wp\/v2\/pages\/14252","targetHints":{"allow":["GET"]}}],"collection":[{"href":"https:\/\/smauc.si\/de\/wp-json\/wp\/v2\/pages"}],"about":[{"href":"https:\/\/smauc.si\/de\/wp-json\/wp\/v2\/types\/page"}],"author":[{"embeddable":true,"href":"https:\/\/smauc.si\/de\/wp-json\/wp\/v2\/users\/1"}],"replies":[{"embeddable":true,"href":"https:\/\/smauc.si\/de\/wp-json\/wp\/v2\/comments?post=14252"}],"version-history":[{"count":3,"href":"https:\/\/smauc.si\/de\/wp-json\/wp\/v2\/pages\/14252\/revisions"}],"predecessor-version":[{"id":14295,"href":"https:\/\/smauc.si\/de\/wp-json\/wp\/v2\/pages\/14252\/revisions\/14295"}],"wp:attachment":[{"href":"https:\/\/smauc.si\/de\/wp-json\/wp\/v2\/media?parent=14252"}],"curies":[{"name":"wp","href":"https:\/\/api.w.org\/{rel}","templated":true}]}}