{"id":14253,"date":"2024-06-10T06:45:34","date_gmt":"2024-06-10T04:45:34","guid":{"rendered":"https:\/\/smauc.si\/ljutomer\/"},"modified":"2024-07-08T11:33:27","modified_gmt":"2024-07-08T09:33:27","slug":"ljutomer","status":"publish","type":"page","link":"https:\/\/smauc.si\/de\/ljutomer\/","title":{"rendered":"Ljutomer"},"content":{"rendered":"<div class=\"wpb-content-wrapper\"><p>[vc_row][vc_column][vc_column_text]<span style=\"color: #000000;\"><strong>Ljutomer<\/strong> ist eine Stadt in Prlekija im Nordosten Sloweniens. Es ist das Herz von Prlekija (der Hauptstadt von Prlekija) und der Gemeinde Ljutomer. Es verf\u00fcgt \u00fcber ein reiches kulturelles Erbe. Sie ist auch als Stadt des Trabrennens, des Films und des Weins bekannt.<\/span><\/p>\n<p><span style=\"color: #000000;\">Lotmerk, wie es vor Ort genannt wird, ist bekannt f\u00fcr das erste slowenische Lager, das im August 1868 stattfand. Es wurden Forderungen nach den Grundrechten der Nationen, dem offiziellen Gebrauch der slowenischen Sprache und dem vereinten Slowenien gestellt.<\/span><\/p>\n<p><span style=\"color: #000000;\">Es hat auch eine jahrhundertealte Tradition im Trabrennen (eine Pferderasse \u2013 der Ljutomer-Traber).<\/span><\/p>\n<p><span style=\"color: #000000;\">Es ist der Ort der ersten Filmaufnahme in Slowenien. Im Jahr 1905 drehte Karol Grossmann aus Ljutomer den ersten slowenischen Film (kurze Clips). Zu diesem Zweck wird in Ljutomer jedes Jahr das Gro\u00dfmann-Film- und Weinfestival organisiert.<\/span><\/p>\n<p><span style=\"color: #000000;\">Aus dem Herzen von Prlekija kamen viele bedeutende M\u00e4nner, die in Slowenien und einige im Ausland arbeiteten: der Sprachwissenschaftler Franc Miklo\u0161i\u010d, der Autor der ersten slowenischen Filmmusik Karol Grossman, der Dichter und Dramatiker Cvetko Golar, der akademische Maler Ante Trstenjak und viele andere.<\/span><\/p>\n<p><span style=\"color: #000000;\">Am Rande von Prlekija (Ljutomera) liegt ein h\u00fcgeliges Gebiet aus terti\u00e4ren Mergeln und Lehm, das ein wichtiges Weinanbaugebiet Sloweniens darstellt.<\/span><br \/>\n<span style=\"color: #000000;\">Hier wurde auch der erste Selbstbedienungsladen auf slowenischem Boden er\u00f6ffnet.<\/span>[\/vc_column_text][\/vc_column][\/vc_row][vc_row css=&#8220;.vc_custom_1717994734070{padding-top: 40px !important;padding-bottom: 40px !important;}&#8220;][vc_column width=&#8220;1\/2&#8243;][vc_single_image image=&#8220;13235&#8243; img_size=&#8220;full&#8220;][\/vc_column][vc_column width=&#8220;1\/2&#8243;][vc_single_image image=&#8220;13141&#8243; img_size=&#8220;full&#8220;][\/vc_column][\/vc_row]<\/p>\n<\/div>","protected":false},"excerpt":{"rendered":"<p>[vc_row][vc_column][vc_column_text]Ljutomer ist eine Stadt in Prlekija im Nordosten Sloweniens. Es ist das Herz von Prlekija (der Hauptstadt von Prlekija) und der Gemeinde Ljutomer. Es verf\u00fcgt \u00fcber ein reiches kulturelles Erbe. Sie ist auch als Stadt des Trabrennens, des Films und [&hellip;]<\/p>\n","protected":false},"author":1,"featured_media":0,"parent":0,"menu_order":0,"comment_status":"closed","ping_status":"closed","template":"","meta":{"footnotes":""},"class_list":["post-14253","page","type-page","status-publish","hentry"],"aioseo_notices":[],"_links":{"self":[{"href":"https:\/\/smauc.si\/de\/wp-json\/wp\/v2\/pages\/14253","targetHints":{"allow":["GET"]}}],"collection":[{"href":"https:\/\/smauc.si\/de\/wp-json\/wp\/v2\/pages"}],"about":[{"href":"https:\/\/smauc.si\/de\/wp-json\/wp\/v2\/types\/page"}],"author":[{"embeddable":true,"href":"https:\/\/smauc.si\/de\/wp-json\/wp\/v2\/users\/1"}],"replies":[{"embeddable":true,"href":"https:\/\/smauc.si\/de\/wp-json\/wp\/v2\/comments?post=14253"}],"version-history":[{"count":2,"href":"https:\/\/smauc.si\/de\/wp-json\/wp\/v2\/pages\/14253\/revisions"}],"predecessor-version":[{"id":14255,"href":"https:\/\/smauc.si\/de\/wp-json\/wp\/v2\/pages\/14253\/revisions\/14255"}],"wp:attachment":[{"href":"https:\/\/smauc.si\/de\/wp-json\/wp\/v2\/media?parent=14253"}],"curies":[{"name":"wp","href":"https:\/\/api.w.org\/{rel}","templated":true}]}}