{"id":14256,"date":"2024-06-10T09:07:37","date_gmt":"2024-06-10T07:07:37","guid":{"rendered":"https:\/\/smauc.si\/erkunden-sie-die-umgebung\/"},"modified":"2024-07-16T16:37:00","modified_gmt":"2024-07-16T14:37:00","slug":"erkunden-sie-die-umgebung","status":"publish","type":"page","link":"https:\/\/smauc.si\/de\/erkunden-sie-die-umgebung\/","title":{"rendered":"Erkunden Sie die Umgebung"},"content":{"rendered":"<div class=\"wpb-content-wrapper\"><p>[vc_row][vc_column width=&#8220;1\/2&#8243;]<div class=\"mkdf-image-gallery  mkdf-ig-slider-type   \">\n\t<div class=\"mkdf-ig-slider mkdf-owl-slider\" data-number-of-items=\"1\" data-enable-loop=\"yes\" data-enable-autoplay=\"yes\" data-slider-speed=\"5000\" data-slider-speed-animation=\"600\" data-slider-padding=\"no\" data-enable-navigation=\"no\" data-enable-pagination=\"no\">\n\t\t\t\t\t<div class=\"mkdf-ig-image\">\n\t\t\t\t\t\t\t\t\t<img loading=\"lazy\" decoding=\"async\" width=\"1000\" height=\"650\" src=\"https:\/\/smauc.si\/wp-content\/uploads\/2024\/06\/smauc-tourism-gallery-2.jpg\" class=\"attachment-full size-full\" alt=\"\" srcset=\"https:\/\/smauc.si\/wp-content\/uploads\/2024\/06\/smauc-tourism-gallery-2.jpg 1000w, https:\/\/smauc.si\/wp-content\/uploads\/2024\/06\/smauc-tourism-gallery-2-300x195.jpg 300w, https:\/\/smauc.si\/wp-content\/uploads\/2024\/06\/smauc-tourism-gallery-2-768x499.jpg 768w, https:\/\/smauc.si\/wp-content\/uploads\/2024\/06\/smauc-tourism-gallery-2-600x390.jpg 600w\" sizes=\"auto, (max-width: 1000px) 100vw, 1000px\" \/>\t\t\t\t\t\t\t<\/div>\n\t\t\t\t\t<div class=\"mkdf-ig-image\">\n\t\t\t\t\t\t\t\t\t<img loading=\"lazy\" decoding=\"async\" width=\"1000\" height=\"650\" src=\"https:\/\/smauc.si\/wp-content\/uploads\/2024\/06\/2-6.jpg\" class=\"attachment-full size-full\" alt=\"\" srcset=\"https:\/\/smauc.si\/wp-content\/uploads\/2024\/06\/2-6.jpg 1000w, https:\/\/smauc.si\/wp-content\/uploads\/2024\/06\/2-6-300x195.jpg 300w, https:\/\/smauc.si\/wp-content\/uploads\/2024\/06\/2-6-768x499.jpg 768w, https:\/\/smauc.si\/wp-content\/uploads\/2024\/06\/2-6-600x390.jpg 600w\" sizes=\"auto, (max-width: 1000px) 100vw, 1000px\" \/>\t\t\t\t\t\t\t<\/div>\n\t\t\t<\/div>\n<\/div>[\/vc_column][vc_column width=&#8220;1\/2&#8243;][vc_column_text]<strong><span style=\"color: #000000;\">SCHWIMMEN UND WELLNESS<\/span><\/strong><\/p>\n<ul>\n<li><a href=\"https:\/\/maps.app.goo.gl\/eSaRRnjWCswLc4oX8\" target=\"_blank\" rel=\"noopener\"><span style=\"color: #000000;\">J\u00e4hrliches Ljutomer-Schwimmbad<\/span><\/a><\/li>\n<li><a href=\"https:\/\/maps.app.goo.gl\/DdggApyAByeSUUAs5\" target=\"_blank\" rel=\"noopener\"><span style=\"color: #000000;\">Thermalbad Banovci<\/span><\/a><\/li>\n<li><a href=\"https:\/\/maps.app.goo.gl\/93dKpBwBhaMqpY587\" target=\"_blank\" rel=\"noopener\"><span style=\"color: #000000;\">Bioterme Mala Nedelja<\/span><\/a><\/li>\n<li><a href=\"https:\/\/maps.app.goo.gl\/SnNFMYf78MtQDY6o6\" target=\"_blank\" rel=\"noopener\"><span style=\"color: #000000;\">Spa Radenci<\/span><\/a><\/li>\n<li><a href=\"https:\/\/maps.app.goo.gl\/aYFL6F4WkjFqAnC87\" target=\"_blank\" rel=\"noopener\"><span style=\"color: #000000;\">Therme Lendava<\/span><\/a><\/li>\n<li><a href=\"https:\/\/maps.app.goo.gl\/F19jkUAjmHAWokCx8\" target=\"_blank\" rel=\"noopener\"><span style=\"color: #000000;\">Therme 3000 (Moravske Toplice)<\/span><\/a><\/li>\n<\/ul>\n<p><strong><span style=\"color: #000000;\">K\u00dcCHE UND WEIN<\/span><\/strong><\/p>\n<ul>\n<li><a href=\"https:\/\/maps.app.goo.gl\/EpsLzvKfeuvPSZPE7\" target=\"_blank\" rel=\"noopener\"><span style=\"color: #000000;\">Touristenbauernhof Jure\u0161 &#8211; Globoka<\/span><\/a><\/li>\n<li><a href=\"https:\/\/maps.app.goo.gl\/m1Vq5otc3KCdeqJj7\" target=\"_blank\" rel=\"noopener\"><span style=\"color: #000000;\">Weinbau Ozmec &#8211; Ilovci<\/span><\/a><\/li>\n<li><a href=\"https:\/\/maps.app.goo.gl\/qzwtD9MfLptccLxB9\" target=\"_blank\" rel=\"noopener\"><span style=\"color: #000000;\">G\u00e4stehaus Taverna &#8211; Svetinje<\/span><\/a><\/li>\n<li><a href=\"https:\/\/maps.app.goo.gl\/buz9W8UyoS16Xhrs8\" target=\"_blank\" rel=\"noopener\"><span style=\"color: #000000;\">G\u00e4stehaus Stari hrast \u2013 Radomerje<\/span><\/a><\/li>\n<li><a href=\"https:\/\/maps.app.goo.gl\/m8bZqqYs2vSSiban8\" target=\"_blank\" rel=\"noopener\"><span style=\"color: #000000;\">Restaurant Mitra \u2013 Ljutomer<\/span><\/a><\/li>\n<li><a href=\"https:\/\/maps.app.goo.gl\/Kx5PmNGv2hJ7E1Fc7\" target=\"_blank\" rel=\"noopener\"><span style=\"color: #000000;\">Pizzeria Oxygen &#8211; Ljutomer<\/span><\/a><\/li>\n<li><a href=\"https:\/\/maps.app.goo.gl\/rybxZcfHgG7HG1pYA\" target=\"_blank\" rel=\"noopener\"><span style=\"color: #000000;\">Restaurant Zorko \u2013 Kri\u017eevci pri Ljutomeru<\/span><\/a><\/li>\n<\/ul>\n<p>[\/vc_column_text][\/vc_column][\/vc_row][vc_row css=&#8220;.vc_custom_1718003386094{padding-top: 40px !important;padding-bottom: 40px !important;}&#8220;][vc_column width=&#8220;1\/2&#8243;][vc_column_text]<strong><span style=\"color: #000000;\">LOKALES ANGEBOT<\/span><\/strong><\/p>\n<ul>\n<li><a href=\"https:\/\/maps.app.goo.gl\/TWqDE3cR4xUXM4Tp6\" target=\"_blank\" rel=\"noopener\"><span style=\"color: #000000;\">Bio-Bauernhof Trstenjak \u2013 Stro\u010dja vas<\/span><\/a><\/li>\n<li><a href=\"https:\/\/maps.app.goo.gl\/hGm7TMXhJhANuMVDA\" target=\"_blank\" rel=\"noopener\"><span style=\"color: #000000;\">Bio-Bauernhof Paldauf \u2013 Vu\u010dja vas<\/span><\/a><\/li>\n<\/ul>\n<p><strong><span style=\"color: #000000;\">ANDERE SEHENSW\u00dcRDIGKEITEN <\/span><\/strong><\/p>\n<ul>\n<li><a href=\"https:\/\/maps.app.goo.gl\/YhXkEX4ccBxfg5AJ9\" target=\"_blank\" rel=\"noopener\"><span style=\"color: #000000;\">Mad\u017eerkin breg \u2013 Kroatien Vidikovac<\/span><\/a><\/li>\n<li><a href=\"https:\/\/maps.app.goo.gl\/4MczTZEfDo7Fats4A\" target=\"_blank\" rel=\"noopener\"><span style=\"color: #000000;\">Hippodrom Ljutomer und Trabrennmuseum &#8211; Ljutomer<\/span><\/a><\/li>\n<li><a href=\"https:\/\/maps.app.goo.gl\/FsXBW7by3dSx23zj8\" target=\"_blank\" rel=\"noopener\"><span style=\"color: #000000;\">Hauptplatz Ljutomer<\/span><\/a><\/li>\n<li><a href=\"https:\/\/maps.app.goo.gl\/sVdpSUaeQYTNzHz69\" target=\"_blank\" rel=\"noopener\"><span style=\"color: #000000;\">Jasa in park do\u017eivetij \u2013 Kri\u017eevci pri Ljutomeru<\/span><\/a><\/li>\n<li><a href=\"https:\/\/maps.app.goo.gl\/fHv1BbqrVZVqiBPZ6\" target=\"_blank\" rel=\"noopener\"><span style=\"color: #000000;\">Otok ljubezni \u2013 I\u017eakovci<\/span><\/a><\/li>\n<li><a href=\"https:\/\/maps.app.goo.gl\/jR5PWiiajXjWWpyw5\" target=\"_blank\" rel=\"noopener\"><span style=\"color: #000000;\">Tinekov brod na reki Muri<\/span><\/a><\/li>\n<li><a href=\"https:\/\/maps.app.goo.gl\/Nnkxka6ZfBJvDAsz9\" target=\"_blank\" rel=\"noopener\"><span style=\"color: #000000;\">Babi\u010dev Mlin v Ver\u017eeju<\/span><\/a><\/li>\n<li><a href=\"https:\/\/maps.app.goo.gl\/anD7U2JwaHSzL8Df7\" target=\"_blank\" rel=\"noopener\"><span style=\"color: #000000;\">Abenteuer Park Bukovni\u0161ko jezero<\/span><\/a><\/li>\n<li><a href=\"https:\/\/maps.app.goo.gl\/h944e5UB9uHMAQgr5\"><span style=\"color: #000000;\">Gaj\u0161evsko jezero<\/span><\/a><\/li>\n<li><a href=\"https:\/\/maps.app.goo.gl\/auyiuRA5ciUWbDHU8\" target=\"_blank\" rel=\"noopener\"><span style=\"color: #000000;\">Abenteuer Park Expano \u2013 Murska Sobota<\/span><\/a><\/li>\n<li><a href=\"https:\/\/maps.app.goo.gl\/gi7yDjoZjicjmm1Y7\" target=\"_blank\" rel=\"noopener\"><span style=\"color: #000000;\">Ocean Orchids \u2013 Dobrovnik<\/span><\/a><\/li>\n<li><a href=\"https:\/\/maps.app.goo.gl\/nJWtJafd7jxFAcg19\" target=\"_blank\" rel=\"noopener\"><span style=\"color: #000000;\">ZOO &#8211; Sikaluzoo \u2013 Bora\u010deva pri Radencih<\/span><\/a><\/li>\n<\/ul>\n<p>[\/vc_column_text][\/vc_column][vc_column width=&#8220;1\/2&#8243;]<div class=\"mkdf-image-gallery  mkdf-ig-slider-type   \">\n\t<div class=\"mkdf-ig-slider mkdf-owl-slider\" data-number-of-items=\"1\" data-enable-loop=\"yes\" data-enable-autoplay=\"yes\" data-slider-speed=\"5000\" data-slider-speed-animation=\"600\" data-slider-padding=\"no\" data-enable-navigation=\"no\" data-enable-pagination=\"no\">\n\t\t\t\t\t<div class=\"mkdf-ig-image\">\n\t\t\t\t\t\t\t\t\t<img loading=\"lazy\" decoding=\"async\" width=\"1000\" height=\"650\" src=\"https:\/\/smauc.si\/wp-content\/uploads\/2024\/06\/4-5.jpg\" class=\"attachment-full size-full\" alt=\"\" srcset=\"https:\/\/smauc.si\/wp-content\/uploads\/2024\/06\/4-5.jpg 1000w, https:\/\/smauc.si\/wp-content\/uploads\/2024\/06\/4-5-300x195.jpg 300w, https:\/\/smauc.si\/wp-content\/uploads\/2024\/06\/4-5-768x499.jpg 768w, https:\/\/smauc.si\/wp-content\/uploads\/2024\/06\/4-5-600x390.jpg 600w\" sizes=\"auto, (max-width: 1000px) 100vw, 1000px\" \/>\t\t\t\t\t\t\t<\/div>\n\t\t\t\t\t<div class=\"mkdf-ig-image\">\n\t\t\t\t\t\t\t\t\t<img loading=\"lazy\" decoding=\"async\" width=\"1000\" height=\"650\" src=\"https:\/\/smauc.si\/wp-content\/uploads\/2024\/06\/1-6.jpg\" class=\"attachment-full size-full\" alt=\"\" srcset=\"https:\/\/smauc.si\/wp-content\/uploads\/2024\/06\/1-6.jpg 1000w, https:\/\/smauc.si\/wp-content\/uploads\/2024\/06\/1-6-300x195.jpg 300w, https:\/\/smauc.si\/wp-content\/uploads\/2024\/06\/1-6-768x499.jpg 768w, https:\/\/smauc.si\/wp-content\/uploads\/2024\/06\/1-6-600x390.jpg 600w\" sizes=\"auto, (max-width: 1000px) 100vw, 1000px\" \/>\t\t\t\t\t\t\t<\/div>\n\t\t\t\t\t<div class=\"mkdf-ig-image\">\n\t\t\t\t\t\t\t\t\t<img loading=\"lazy\" decoding=\"async\" width=\"1000\" height=\"650\" src=\"https:\/\/smauc.si\/wp-content\/uploads\/2024\/06\/3-6.jpg\" class=\"attachment-full size-full\" alt=\"\" srcset=\"https:\/\/smauc.si\/wp-content\/uploads\/2024\/06\/3-6.jpg 1000w, https:\/\/smauc.si\/wp-content\/uploads\/2024\/06\/3-6-300x195.jpg 300w, https:\/\/smauc.si\/wp-content\/uploads\/2024\/06\/3-6-768x499.jpg 768w, https:\/\/smauc.si\/wp-content\/uploads\/2024\/06\/3-6-600x390.jpg 600w\" sizes=\"auto, (max-width: 1000px) 100vw, 1000px\" \/>\t\t\t\t\t\t\t<\/div>\n\t\t\t<\/div>\n<\/div>[\/vc_column][\/vc_row][vc_row css=&#8220;.vc_custom_1718004507996{padding-bottom: 40px !important;}&#8220;][vc_column][vc_column_text]<\/p>\n<h5 style=\"text-align: center;\">Slowenien ist ein wundersch\u00f6nes Land und wir sind ein wirklich hervorragender Ausgangspunkt f\u00fcr die Erkundung seines \u00f6stlichen Teils. Andererseits befinden Sie sich neben unserem Haus in vollkommener Natur, Abgeschiedenheit, umgeben von Weinbergen, W\u00e4ldern, wo Ihnen nur Rehe, Hasen, V\u00f6gel und die warme Sonne Gesellschaft leisten.<\/h5>\n<p>[\/vc_column_text][\/vc_column][\/vc_row][vc_row css=&#8220;.vc_custom_1718005322071{padding-bottom: 40px !important;}&#8220;][vc_column width=&#8220;1\/3&#8243;][vc_single_image image=&#8220;13192&#8243; img_size=&#8220;full&#8220;][vc_column_text]Unweit von uns gibt es E-Bikes zum Verleih oder Sie k\u00f6nnen Ihr eigenes Fahrrad mitbringen. Oder Sie machen einen Spaziergang in den nahegelegenen H\u00fcgeln. Hi\u0161a Manja ist der Ausgangspunkt f\u00fcr die Erkundung ganz Pomurje, der Heimat exzellenter K\u00fcche und erstklassiger Weine.[\/vc_column_text][\/vc_column][vc_column width=&#8220;1\/3&#8243;][vc_single_image image=&#8220;13194&#8243; img_size=&#8220;full&#8220;][vc_column_text]Es gibt viele M\u00f6glichkeiten f\u00fcr Bade- und Wellnessangebote.[\/vc_column_text][\/vc_column][vc_column width=&#8220;1\/3&#8243;][vc_single_image image=&#8220;13195&#8243; img_size=&#8220;full&#8220;][vc_column_text]In der N\u00e4he gibt es die M\u00f6glichkeit zum Radfahren, Rafting auf der Mur, Testen Sie Ihre F\u00e4higkeiten im Abenteuerpark, besuchen Sie Trabrennen, den Park, in dem das 1. Slowenisches Lager und mehr.[\/vc_column_text][\/vc_column][\/vc_row]<\/p>\n<\/div>","protected":false},"excerpt":{"rendered":"<p>[vc_row][vc_column width=&#8220;1\/2&#8243;][\/vc_column][vc_column width=&#8220;1\/2&#8243;][vc_column_text]SCHWIMMEN UND WELLNESS J\u00e4hrliches Ljutomer-Schwimmbad Thermalbad Banovci Bioterme Mala Nedelja Spa Radenci Therme Lendava Therme 3000 (Moravske Toplice) K\u00dcCHE UND WEIN Touristenbauernhof Jure\u0161 &#8211; Globoka Weinbau Ozmec &#8211; Ilovci G\u00e4stehaus Taverna &#8211; Svetinje G\u00e4stehaus Stari hrast \u2013 Radomerje [&hellip;]<\/p>\n","protected":false},"author":1,"featured_media":0,"parent":0,"menu_order":0,"comment_status":"closed","ping_status":"closed","template":"","meta":{"footnotes":""},"class_list":["post-14256","page","type-page","status-publish","hentry"],"aioseo_notices":[],"_links":{"self":[{"href":"https:\/\/smauc.si\/de\/wp-json\/wp\/v2\/pages\/14256","targetHints":{"allow":["GET"]}}],"collection":[{"href":"https:\/\/smauc.si\/de\/wp-json\/wp\/v2\/pages"}],"about":[{"href":"https:\/\/smauc.si\/de\/wp-json\/wp\/v2\/types\/page"}],"author":[{"embeddable":true,"href":"https:\/\/smauc.si\/de\/wp-json\/wp\/v2\/users\/1"}],"replies":[{"embeddable":true,"href":"https:\/\/smauc.si\/de\/wp-json\/wp\/v2\/comments?post=14256"}],"version-history":[{"count":4,"href":"https:\/\/smauc.si\/de\/wp-json\/wp\/v2\/pages\/14256\/revisions"}],"predecessor-version":[{"id":14310,"href":"https:\/\/smauc.si\/de\/wp-json\/wp\/v2\/pages\/14256\/revisions\/14310"}],"wp:attachment":[{"href":"https:\/\/smauc.si\/de\/wp-json\/wp\/v2\/media?parent=14256"}],"curies":[{"name":"wp","href":"https:\/\/api.w.org\/{rel}","templated":true}]}}