{"id":14264,"date":"2024-06-10T09:25:34","date_gmt":"2024-06-10T07:25:34","guid":{"rendered":"https:\/\/smauc.si\/angebot\/"},"modified":"2025-09-04T12:29:04","modified_gmt":"2025-09-04T10:29:04","slug":"angebot","status":"publish","type":"page","link":"https:\/\/smauc.si\/de\/angebot\/","title":{"rendered":"Angebot"},"content":{"rendered":"<div class=\"wpb-content-wrapper\"><p>[vc_row css=&#8220;.vc_custom_1718004350908{padding-bottom: 40px !important;}&#8220;][vc_column width=&#8220;1\/2&#8243;][vc_single_image image=&#8220;13242&#8243; img_size=&#8220;full&#8220; onclick=&#8220;link_image&#8220;][\/vc_column][vc_column width=&#8220;1\/2&#8243;][vc_column_text]<strong>FERIENHAUS MANJA****<\/strong><\/p>\n<p><span style=\"color: #000000;\">Wir bieten unseren G\u00e4sten die perfekte Mischung aus nat\u00fcrlicher Sch\u00f6nheit und Dienstleistungen, die Geist, K\u00f6rper und Seele beruhigen.<\/span><\/p>\n<p><span style=\"color: #000000;\">Ferienhaus Manja**** ist ein freistehendes Haus, das Platz f\u00fcr bis zu 4 Personen bietet. Im Erdgeschoss gibt es eine voll ausgestattete K\u00fcche mit Esszimmer, ein Wohnzimmer mit Ausgang zur Terrasse, ein Badezimmer und ein Schlafzimmer mit einem Doppelbett. Bei einem Aufenthalt von f\u00fcnf Personen steht uns im ersten Stock ein weiteres Schlafzimmer mit zwei getrennten Betten zur Verf\u00fcgung. Und ein zus\u00e4tzliches Bett im Erdgeschoss auf der Couch im Wohnzimmer.<\/span><\/p>\n<p><span style=\"color: #000000;\">Zur Entspannung stehen Ihnen eine Infrarotsauna und ein Whirlpool zur Verf\u00fcgung. Auf diese Weise entspannen Sie Ihren K\u00f6rper und bereiten ihn auf die neuen Herausforderungen des Alltags vor.<\/span>[\/vc_column_text][\/vc_column][\/vc_row][vc_row css=&#8220;.vc_custom_1718003880547{padding-top: 40px !important;padding-bottom: 40px !important;}&#8220;][vc_column]<div class=\"mkdf-image-gallery  mkdf-ig-grid-type mkdf-has-shadow mkdf-image-behavior-lightbox \">\n\t<div class=\"mkdf-ig-inner mkdf-ig-grid mkdf-ig-three-columns mkdf-ig-normal-space\">\n\t\t\t\t\t<div class=\"mkdf-ig-image\">\n\t\t\t\t<div class=\"mkdf-ig-image-inner\">\n\t\t\t\t\t\t\t\t\t\t\t<a itemprop=\"image\" class=\"mkdf-ig-lightbox\" href=\"https:\/\/smauc.si\/wp-content\/uploads\/2024\/06\/1-5.jpg\" data-rel=\"prettyPhoto[image_gallery_pretty_photo-652]\" title=\"\">\n\t\t\t\t\t\t\t\t\t\t\t<img loading=\"lazy\" decoding=\"async\" width=\"1000\" height=\"650\" src=\"https:\/\/smauc.si\/wp-content\/uploads\/2024\/06\/1-5.jpg\" class=\"attachment-full size-full\" alt=\"\" srcset=\"https:\/\/smauc.si\/wp-content\/uploads\/2024\/06\/1-5.jpg 1000w, https:\/\/smauc.si\/wp-content\/uploads\/2024\/06\/1-5-300x195.jpg 300w, https:\/\/smauc.si\/wp-content\/uploads\/2024\/06\/1-5-768x499.jpg 768w, https:\/\/smauc.si\/wp-content\/uploads\/2024\/06\/1-5-600x390.jpg 600w\" sizes=\"auto, (max-width: 1000px) 100vw, 1000px\" \/>\t\t\t\t\t\t\t\t\t\t\t<\/a>\n\t\t\t\t\t\t\t\t\t<\/div>\n\t\t\t<\/div>\n\t\t\t\t\t<div class=\"mkdf-ig-image\">\n\t\t\t\t<div class=\"mkdf-ig-image-inner\">\n\t\t\t\t\t\t\t\t\t\t\t<a itemprop=\"image\" class=\"mkdf-ig-lightbox\" href=\"https:\/\/smauc.si\/wp-content\/uploads\/2024\/06\/2-5.jpg\" data-rel=\"prettyPhoto[image_gallery_pretty_photo-652]\" title=\"\">\n\t\t\t\t\t\t\t\t\t\t\t<img loading=\"lazy\" decoding=\"async\" width=\"1000\" height=\"650\" src=\"https:\/\/smauc.si\/wp-content\/uploads\/2024\/06\/2-5.jpg\" class=\"attachment-full size-full\" alt=\"\" srcset=\"https:\/\/smauc.si\/wp-content\/uploads\/2024\/06\/2-5.jpg 1000w, https:\/\/smauc.si\/wp-content\/uploads\/2024\/06\/2-5-300x195.jpg 300w, https:\/\/smauc.si\/wp-content\/uploads\/2024\/06\/2-5-768x499.jpg 768w, https:\/\/smauc.si\/wp-content\/uploads\/2024\/06\/2-5-600x390.jpg 600w\" sizes=\"auto, (max-width: 1000px) 100vw, 1000px\" \/>\t\t\t\t\t\t\t\t\t\t\t<\/a>\n\t\t\t\t\t\t\t\t\t<\/div>\n\t\t\t<\/div>\n\t\t\t\t\t<div class=\"mkdf-ig-image\">\n\t\t\t\t<div class=\"mkdf-ig-image-inner\">\n\t\t\t\t\t\t\t\t\t\t\t<a itemprop=\"image\" class=\"mkdf-ig-lightbox\" href=\"https:\/\/smauc.si\/wp-content\/uploads\/2024\/06\/3-5.jpg\" data-rel=\"prettyPhoto[image_gallery_pretty_photo-652]\" title=\"\">\n\t\t\t\t\t\t\t\t\t\t\t<img loading=\"lazy\" decoding=\"async\" width=\"1000\" height=\"650\" src=\"https:\/\/smauc.si\/wp-content\/uploads\/2024\/06\/3-5.jpg\" class=\"attachment-full size-full\" alt=\"\" srcset=\"https:\/\/smauc.si\/wp-content\/uploads\/2024\/06\/3-5.jpg 1000w, https:\/\/smauc.si\/wp-content\/uploads\/2024\/06\/3-5-300x195.jpg 300w, https:\/\/smauc.si\/wp-content\/uploads\/2024\/06\/3-5-768x499.jpg 768w, https:\/\/smauc.si\/wp-content\/uploads\/2024\/06\/3-5-600x390.jpg 600w\" sizes=\"auto, (max-width: 1000px) 100vw, 1000px\" \/>\t\t\t\t\t\t\t\t\t\t\t<\/a>\n\t\t\t\t\t\t\t\t\t<\/div>\n\t\t\t<\/div>\n\t\t\t\t\t<div class=\"mkdf-ig-image\">\n\t\t\t\t<div class=\"mkdf-ig-image-inner\">\n\t\t\t\t\t\t\t\t\t\t\t<a itemprop=\"image\" class=\"mkdf-ig-lightbox\" href=\"https:\/\/smauc.si\/wp-content\/uploads\/2024\/06\/4-4.jpg\" data-rel=\"prettyPhoto[image_gallery_pretty_photo-652]\" title=\"\">\n\t\t\t\t\t\t\t\t\t\t\t<img loading=\"lazy\" decoding=\"async\" width=\"1000\" height=\"650\" src=\"https:\/\/smauc.si\/wp-content\/uploads\/2024\/06\/4-4.jpg\" class=\"attachment-full size-full\" alt=\"\" srcset=\"https:\/\/smauc.si\/wp-content\/uploads\/2024\/06\/4-4.jpg 1000w, https:\/\/smauc.si\/wp-content\/uploads\/2024\/06\/4-4-300x195.jpg 300w, https:\/\/smauc.si\/wp-content\/uploads\/2024\/06\/4-4-768x499.jpg 768w, https:\/\/smauc.si\/wp-content\/uploads\/2024\/06\/4-4-600x390.jpg 600w\" sizes=\"auto, (max-width: 1000px) 100vw, 1000px\" \/>\t\t\t\t\t\t\t\t\t\t\t<\/a>\n\t\t\t\t\t\t\t\t\t<\/div>\n\t\t\t<\/div>\n\t\t\t\t\t<div class=\"mkdf-ig-image\">\n\t\t\t\t<div class=\"mkdf-ig-image-inner\">\n\t\t\t\t\t\t\t\t\t\t\t<a itemprop=\"image\" class=\"mkdf-ig-lightbox\" href=\"https:\/\/smauc.si\/wp-content\/uploads\/2024\/06\/5-2.jpg\" data-rel=\"prettyPhoto[image_gallery_pretty_photo-652]\" title=\"\">\n\t\t\t\t\t\t\t\t\t\t\t<img loading=\"lazy\" decoding=\"async\" width=\"1000\" height=\"650\" src=\"https:\/\/smauc.si\/wp-content\/uploads\/2024\/06\/5-2.jpg\" class=\"attachment-full size-full\" alt=\"\" srcset=\"https:\/\/smauc.si\/wp-content\/uploads\/2024\/06\/5-2.jpg 1000w, https:\/\/smauc.si\/wp-content\/uploads\/2024\/06\/5-2-300x195.jpg 300w, https:\/\/smauc.si\/wp-content\/uploads\/2024\/06\/5-2-768x499.jpg 768w, https:\/\/smauc.si\/wp-content\/uploads\/2024\/06\/5-2-600x390.jpg 600w\" sizes=\"auto, (max-width: 1000px) 100vw, 1000px\" \/>\t\t\t\t\t\t\t\t\t\t\t<\/a>\n\t\t\t\t\t\t\t\t\t<\/div>\n\t\t\t<\/div>\n\t\t\t\t\t<div class=\"mkdf-ig-image\">\n\t\t\t\t<div class=\"mkdf-ig-image-inner\">\n\t\t\t\t\t\t\t\t\t\t\t<a itemprop=\"image\" class=\"mkdf-ig-lightbox\" href=\"https:\/\/smauc.si\/wp-content\/uploads\/2024\/06\/6-3.jpg\" data-rel=\"prettyPhoto[image_gallery_pretty_photo-652]\" title=\"\">\n\t\t\t\t\t\t\t\t\t\t\t<img loading=\"lazy\" decoding=\"async\" width=\"1000\" height=\"650\" src=\"https:\/\/smauc.si\/wp-content\/uploads\/2024\/06\/6-3.jpg\" class=\"attachment-full size-full\" alt=\"\" srcset=\"https:\/\/smauc.si\/wp-content\/uploads\/2024\/06\/6-3.jpg 1000w, https:\/\/smauc.si\/wp-content\/uploads\/2024\/06\/6-3-300x195.jpg 300w, https:\/\/smauc.si\/wp-content\/uploads\/2024\/06\/6-3-768x499.jpg 768w, https:\/\/smauc.si\/wp-content\/uploads\/2024\/06\/6-3-600x390.jpg 600w\" sizes=\"auto, (max-width: 1000px) 100vw, 1000px\" \/>\t\t\t\t\t\t\t\t\t\t\t<\/a>\n\t\t\t\t\t\t\t\t\t<\/div>\n\t\t\t<\/div>\n\t\t\t<\/div>\n<\/div>[\/vc_column][\/vc_row]<\/p>\n<\/div>","protected":false},"excerpt":{"rendered":"<p>[vc_row css=&#8220;.vc_custom_1718004350908{padding-bottom: 40px !important;}&#8220;][vc_column width=&#8220;1\/2&#8243;][vc_single_image image=&#8220;13242&#8243; img_size=&#8220;full&#8220; onclick=&#8220;link_image&#8220;][\/vc_column][vc_column width=&#8220;1\/2&#8243;][vc_column_text]FERIENHAUS MANJA**** Wir bieten unseren G\u00e4sten die perfekte Mischung aus nat\u00fcrlicher Sch\u00f6nheit und Dienstleistungen, die Geist, K\u00f6rper und Seele beruhigen. Ferienhaus Manja**** ist ein freistehendes Haus, das Platz f\u00fcr bis zu 4 [&hellip;]<\/p>\n","protected":false},"author":1,"featured_media":0,"parent":0,"menu_order":0,"comment_status":"closed","ping_status":"closed","template":"","meta":{"footnotes":""},"class_list":["post-14264","page","type-page","status-publish","hentry"],"aioseo_notices":[],"_links":{"self":[{"href":"https:\/\/smauc.si\/de\/wp-json\/wp\/v2\/pages\/14264","targetHints":{"allow":["GET"]}}],"collection":[{"href":"https:\/\/smauc.si\/de\/wp-json\/wp\/v2\/pages"}],"about":[{"href":"https:\/\/smauc.si\/de\/wp-json\/wp\/v2\/types\/page"}],"author":[{"embeddable":true,"href":"https:\/\/smauc.si\/de\/wp-json\/wp\/v2\/users\/1"}],"replies":[{"embeddable":true,"href":"https:\/\/smauc.si\/de\/wp-json\/wp\/v2\/comments?post=14264"}],"version-history":[{"count":2,"href":"https:\/\/smauc.si\/de\/wp-json\/wp\/v2\/pages\/14264\/revisions"}],"predecessor-version":[{"id":14374,"href":"https:\/\/smauc.si\/de\/wp-json\/wp\/v2\/pages\/14264\/revisions\/14374"}],"wp:attachment":[{"href":"https:\/\/smauc.si\/de\/wp-json\/wp\/v2\/media?parent=14264"}],"curies":[{"name":"wp","href":"https:\/\/api.w.org\/{rel}","templated":true}]}}