{"id":14266,"date":"2024-06-16T22:50:36","date_gmt":"2024-06-16T20:50:36","guid":{"rendered":"https:\/\/smauc.si\/geschaeftsbedingungen\/"},"modified":"2025-03-23T20:53:17","modified_gmt":"2025-03-23T19:53:17","slug":"geschaeftsbedingungen","status":"publish","type":"page","link":"https:\/\/smauc.si\/de\/geschaeftsbedingungen\/","title":{"rendered":"Gesch\u00e4ftsbedingungen"},"content":{"rendered":"<div class=\"wpb-content-wrapper\"><p>[vc_row][vc_column][vc_column_text]<\/p>\n<p style=\"text-align: left;\"><span style=\"color: #000000;\">Die allgemeinen Gesch\u00e4ftsbedingungen f\u00fcr die Anmietung und Nutzung des Ferienhauses Manja**** sind auf der Website www.smauc.si und in der Unterkunft selbst ver\u00f6ffentlicht. Der Gast ist damit vertraut und akzeptiert sie mit der Abgabe einer Reservierung bzw durch eine m\u00fcndliche, schriftliche oder elektronische Bewerbung. \u0160MAUC TRADE d.o.o. best\u00e4tigt die Reservierung nach Erhalt einer Anzahlung von 30 % durch den Gast (mehr als 7 Tage vor Anreise) oder einer Vorauszahlung von 100 % (weniger als 7 Tage vor Anreise) an die im Angebot angegebene TRR. \u0160MAUC TRADE d.o.o. beh\u00e4lt sich das Recht vor, die Allgemeinen Gesch\u00e4ftsbedingungen ohne vorherige Ank\u00fcndigung zu \u00e4ndern. Sie verpflichtet sich, die Bedingungen auf ihrer Website \u00f6ffentlich zu ver\u00f6ffentlichen.<\/span><\/p>\n<p>&nbsp;<\/p>\n<p><span style=\"color: #000000;\">I. RESERVIERUNG oder ANWENDUNG<\/span><\/p>\n<p><span style=\"color: #000000;\">Der Kunde kann reservieren bzw Reichen Sie eine Reservierung auf der Website oder per E-Mail ein: Tourism@smauc.si. Wir antworten so schnell wie m\u00f6glich auf Nachrichten. Die offiziellen Arbeitszeiten sind von Montag bis Freitag zwischen 8:00 und 15:00 Uhr.<\/span><\/p>\n<p><span style=\"color: #000000;\">Der Kunde bzw Der Gast stellt alle erforderlichen Informationen zur Verf\u00fcgung und garantiert deren Echtheit. Die Reservierung erfolgt mit einer Anzahlung von 100 % der Miete der Unterkunftskapazit\u00e4t, mit der im Angebot angegebenen Zahlungsmethode. Wenn Sie eine Zahlung an unser TRR leisten m\u00f6chten, kontaktieren Sie uns bitte. Sollte der Vermieter die Vorauszahlung nicht innerhalb der vereinbarten Frist erhalten, beh\u00e4lt sich der Vermieter das Recht vor, die Reservierung zu stornieren.<\/span><\/p>\n<p><span style=\"color: #000000;\">Bereits w\u00e4hrend des Buchungsvorgangs und der Kontaktaufnahme mit Kunden kann \u00fcber direkte Online-Portale eine Reservierung f\u00fcr die gleichen Termine vorgenommen werden. In diesem Fall behalten wir uns das Recht vor, Ihre Reservierung ohne Stornokosten zu stornieren. Aus diesem Grund empfehlen wir Ihnen, die Reservierung schnell und einfach direkt \u00fcber die Website vorzunehmen.<\/span><\/p>\n<p><span style=\"color: #000000;\">Ihre Reservierung wird best\u00e4tigt, wenn Sie die Reservierungsbest\u00e4tigung per E-Mail erhalten.<\/span><\/p>\n<p><span style=\"color: #000000;\">Optionale Reservierungen sind nicht m\u00f6glich.<\/span><\/p>\n<p><span style=\"color: #000000;\">II. ZAHLUNG<\/span><\/p>\n<p><span style=\"color: #000000;\">Als Zahlungstag gilt der Tag, an dem der Kunde (oder eine andere Person in seinem Namen) den Betrag gem\u00e4\u00df dem Angebot auf das Transaktionskonto des Vermieters (\u0160MAUC TRADE d.o.o.) oder mit einem anderen im Angebot angegebenen Zahlungsmittel begleicht.<\/span><\/p>\n<p><span style=\"color: #000000;\">Der Gast zahlt die Anzahlung f\u00fcr die Reservierung sp\u00e4testens 24 Stunden nach Erhalt des Angebots. Der Gast muss den Anbieter \u00fcber die Vorauszahlung per E-Mail Tourism@smauc.si oder +386 40 160 445 (Slowenisch, Englisch, Deutsch) und +386 31 609 567 (Slowenisch) informieren. Voraussetzung f\u00fcr die Buchung ist die Vorauszahlung. Wenn der Vermieter die Vorauszahlung und die Zahlung des gesamten Reservierungsbetrags nicht innerhalb der vereinbarten Frist erh\u00e4lt, beh\u00e4lt sich der Vermieter das Recht vor, die Reservierung zu stornieren.<\/span><\/p>\n<p><span style=\"color: #000000;\">Wir haben eine bargeldlose Zahlung vereinbart. F\u00fcr alle zus\u00e4tzlichen Dienstleistungen erhalten Sie eine Rechnung per E-Mail, die Sie an unsere TRR: SI56 1910 0001 1517 252, er\u00f6ffnet bei DBS d.d., zahlen.<\/span><\/p>\n<p>&nbsp;<\/p>\n<p><span style=\"color: #000000;\">III. STORNIERUNG DER RESERVIERUNG:<\/span><\/p>\n<p><span style=\"color: #000000;\">Der Kunde hat das Recht, die Unterkunftsreservierung unabh\u00e4ngig vom Grund schriftlich zu stornieren. Die Stornierung der Reservierung wird an die E-Mail-Adresse Tourism@smauc.si gesendet.<\/span><\/p>\n<p><span style=\"color: #000000;\">Im Falle einer Stornierung der Reservierung wird \u0160MAUC TRADE d.o.o. Anspruch auf Kostenerstattung.<\/span><\/p>\n<p><span style=\"color: #000000;\">&#8211; Im Falle einer Stornierung der Reservierung mehr als 15 Tage vor Anreise, unabh\u00e4ngig vom Grund der Stornierung, stellt der Vermieter (\u0160MAUC TRADE, d.o.o.) dem Mieter eine Gutschrift in H\u00f6he des bereits gezahlten Betrags oder im Formular aus eines Geschenkgutscheins.<\/span><\/p>\n<p><span style=\"color: #000000;\">&#8211; Im Falle einer Stornierung der Reservierung weniger als 15 Tage vor Anreise beh\u00e4lt sich der Vermieter (\u0160MAUC TRADE, d.o.o.) unabh\u00e4ngig vom Grund der Stornierung das Recht vor, die Stornierungskosten in H\u00f6he des bereits bezahlten Reservierungsbetrags einzubehalten.<\/span><\/p>\n<p><span style=\"color: #000000;\">&#8211; F\u00fcr den Fall, dass der Mieter die Unterkunft vorzeitig verl\u00e4sst oder dem Vermieter sein Nichtankommen in der Unterkunft nicht mitteilt, beh\u00e4lt sich der Vermieter das Recht vor, Stornokosten in H\u00f6he der gesamten Reservierung in Rechnung zu stellen.<\/span><\/p>\n<p><span style=\"color: #000000;\">&#8211; COVID-19: Da sich das Virus schon seit langem verbreitet, nehmen G\u00e4ste mit der Reservierung das Risiko in Kauf, dass sie nicht in die Unterkunft kommen k\u00f6nnen. Der Virus ist kein Grund mehr, eine Reservierung kostenfrei zu stornieren. F\u00fcr die Stornierung einer Reservierung aufgrund eines Virus und die damit verbundenen Stornierungskosten gelten die gleichen allgemeinen Bedingungen wie f\u00fcr Stornierungen aus anderen Gr\u00fcnden.<\/span><\/p>\n<p><span style=\"color: #000000;\">\u200b<\/span><\/p>\n<p><span style=\"color: #000000;\">IV. AN-UND ABFAHRT<\/span><\/p>\n<p><span style=\"color: #000000;\">Ankunft<\/span><\/p>\n<p><span style=\"color: #000000;\">Eine Anreise zur Unterkunft ist nur nach vorheriger Reservierung der Unterkunft m\u00f6glich.<\/span><\/p>\n<p><span style=\"color: #000000;\">Die Anreise ist ab 15:00 Uhr m\u00f6glich.<\/span><\/p>\n<p><span style=\"color: #000000;\">Wir haben einen schnellen Check-in (Selbst-Check-in) vereinbart. Vor Ihrer Ankunft erhalten Sie einen sicheren E-Mail-Link, in dem Sie bitte alle f\u00fcr den Check-in erforderlichen Informationen eingeben. F\u00fcr die Richtigkeit der eingegebenen Daten ist allein der Kunde verantwortlich, der Vermieter \u00fcbernimmt KEINE Verantwortung f\u00fcr falsch eingegebene Daten. Nach Erhalt der Informationen erhalten Sie den Safecode mit den Schl\u00fcsseln.<\/span><\/p>\n<p><span style=\"color: #000000;\">Der Kunde muss seine Ankunft in der Unterkunft unter der Telefonnummer +386 40 160 445 (nur SMS m\u00f6glich) anmelden.<\/span><\/p>\n<p><span style=\"color: #000000;\">Eine versp\u00e4tete Anreise muss im Voraus mit den Mitarbeitern von \u0160MAUC TRADE d.o.o. vereinbart werden. (im Folgenden der Vermieter). Eine vorzeitige Anreise zur Unterkunft ist nur m\u00f6glich, wenn die Unterkunft nach Absprache mit dem Vermieter frei ist.<\/span><\/p>\n<p><span style=\"color: #000000;\">Bei einem w\u00f6chentlichen Aufenthalt veranlassen wir nach Absprache mit dem Gast eine kostenlose Reinigung der Wohnung (maximal 2 x in einer Woche bei einem w\u00f6chentlichen Aufenthalt).<\/span><\/p>\n<p><span style=\"color: #000000;\">Bei einem w\u00f6chentlichen Aufenthalt erfolgt nach Absprache mit dem Gast ein einmaliger Wechsel der Bettw\u00e4sche.<\/span><\/p>\n<p><span style=\"color: #000000;\">Auf Wunsch des Gastes haben wir die M\u00f6glichkeit, die Handt\u00fccher t\u00e4glich zu wechseln. Da wir versuchen, umweltfreundlich zu sein, bitten wir unsere G\u00e4ste dennoch, Handt\u00fccher nicht nach dem ersten Gebrauch wegzuwerfen, sondern nur, wenn es wirklich notwendig ist.<\/span><\/p>\n<p><span style=\"color: #000000;\">Auf Wunsch des Gastes besteht die M\u00f6glichkeit, ein Ger\u00e4t f\u00fcr die interne und externe Kommunikation zu mieten.<\/span><\/p>\n<p><span style=\"color: #000000;\">Abfahrt<\/span><\/p>\n<p><span style=\"color: #000000;\">Die Abreise von der Unterkunft erfolgt bis 10:00 Uhr morgens.<\/span><\/p>\n<p><span style=\"color: #000000;\">Wir haben einen Express-Check-out: Bei der Abreise gibt der Mieter (Gast) die Schl\u00fcssel zur Unterkunft im Safe an den Vermieter (\u0160MAUC TRADE d.o.o.) zur\u00fcck, wo er sie auch erhalten hat.<\/span><\/p>\n<p><span style=\"color: #000000;\">Um 10:15 Uhr kommt das Personal, um die Unterk\u00fcnfte f\u00fcr zuk\u00fcnftige G\u00e4ste vorzubereiten. Stellt das Personal bei der Vorbereitung der Unterkunft Sch\u00e4den an der Unterkunft oder einen m\u00f6glichen Diebstahl von Gegenst\u00e4nden aus der Unterkunft fest, beh\u00e4lt sich der Vermieter das Recht vor, dem Gast eine Rechnung \u00fcber den entstandenen Schaden bzw. die Entfremdung von Sachen auszustellen.<\/span><\/p>\n<p><span style=\"color: #000000;\">Sie erhalten eine Rechnung f\u00fcr die Dienstleistungen per E-Mail. Innerhalb der angegebenen Zahlungsfrist hat der Gast etwaige Zusatzleistungen auf die in der Rechnung angegebene TRR zu begleichen.<\/span><\/p>\n<p><span style=\"color: #000000;\">V. ALLGEMEIN<\/span><\/p>\n<p><span style=\"color: #000000;\">&#8211; Der Aufenthalt in der Unterkunft ist nur G\u00e4sten gestattet, die sich beim Vermieter (\u0160MAUC TRADE d.o.o.) anmelden oder mit seinen Bevollm\u00e4chtigten. Der Vermieter \u00fcbernimmt KEINE Haftung f\u00fcr Personen, die sich nicht beim Vermieter melden. Personen, die nicht gemeldet sind und sich ohne Wissen des Vermieters in einer Unterkunft aufhalten, machen sich selbst finanziell und strafbar.<\/span><br \/>\n<span style=\"color: #000000;\">&#8211; Bei der Abreise m\u00fcssen die G\u00e4ste Geschirr, K\u00fchlschrank, Backofen und Mikrowelle sp\u00fclen und den M\u00fcll entfernen.<\/span><br \/>\n<span style=\"color: #000000;\">&#8211; Bei festgestellten Sch\u00e4den, die durch Fahrl\u00e4ssigkeit oder Unvorsichtigkeit verursacht wurden, stellen wir Ihnen diese in Rechnung. Die Anlage wird nach der Abreise der G\u00e4ste w\u00e4hrend der Reinigung und Vorbereitung f\u00fcr neue G\u00e4ste inspiziert. Bitte informieren Sie uns \u00fcber unbeabsichtigte Sch\u00e4den an der Ausr\u00fcstung und sichtbare Sch\u00e4den an der Anlage, sofern diese Ihnen w\u00e4hrend Ihres Aufenthaltes widerfahren oder Ihnen w\u00e4hrend Ihres Aufenthaltes auffallen.<\/span><br \/>\n<span style=\"color: #000000;\">&#8211; Das Rauchen ist in den R\u00e4umlichkeiten verboten! Auf der Terrasse darf geraucht werden, Glut wird im Aschenbecher gel\u00f6scht!<\/span><br \/>\n<span style=\"color: #000000;\">&#8211; Der Eigent\u00fcmer und der Verwalter der Unterkunft haben das Recht, w\u00e4hrend der Zeit der Unterkunft die Gr\u00fcnanlagen zu gestalten (M\u00e4hen des Rasens\u2026).<\/span><br \/>\n<span style=\"color: #000000;\">&#8211; Das Bewegen der M\u00f6bel (Bett) im Ferienhaus ist nicht gestattet<\/span><br \/>\n<span style=\"color: #000000;\">&#8211; Nutzung des Kamins nur nach Absprache mit dem Vermieter (im Winter)<\/span><br \/>\n<span style=\"color: #000000;\">&#8211; Die Unterk\u00fcnfte dienen der Entspannung und Erholung, daher ist zwischen 22:00 und 06:00 Uhr auf Ordnung und Ruhe zu achten und R\u00fccksicht auf andere G\u00e4ste und Nachbarn zu nehmen. Sollten die G\u00e4ste die \u00f6ffentliche Ordnung und Ruhe nicht respektieren, beh\u00e4lt sich der Vermieter das Recht vor, die G\u00e4ste sofort aus der Unterkunft zu verweisen.<\/span><br \/>\n<span style=\"color: #000000;\">&#8211; Bitte schlie\u00dfen Sie die Eingangst\u00fcr und lassen Sie die Unterkunft nicht unverschlossen. Sie \u00f6ffnen sie mit dem Schl\u00fcssel, den Sie erhalten haben \u2013 tragen Sie ihn also immer bei sich, wenn Sie gehen. Schlie\u00dfen Sie au\u00dferdem beim Verlassen die T\u00fcr zum Balkon und zur Terrasse!<\/span><br \/>\n<span style=\"color: #000000;\">&#8211; Bitte halten Sie bei Nutzung der Klimaanlage die T\u00fcren und Fenster geschlossen. Schalten Sie die Klimaanlage jedes Mal aus, wenn Sie die Einrichtung verlassen (ohne Zeitangabe).<\/span><br \/>\n<span style=\"color: #000000;\">&#8211; Bitte verschwenden Sie kein unn\u00f6tig Wasser und werfen Sie Handt\u00fccher nicht nach dem ersten Gebrauch weg, da wir versuchen, umweltfreundlich zu sein.<\/span><br \/>\n<span style=\"color: #000000;\">&#8211; Whirlpool\/Pool: Die Erstbef\u00fcllung erfolgt durch den Eigent\u00fcmer oder den Verwalter. Wenn das Wasser bei Ihrer Ankunft oder w\u00e4hrend Ihres Aufenthalts nicht sauber aussieht, wenden Sie sich unbedingt an den Manager, bevor Sie es verwenden. Benutzung auf eigene Gefahr.<\/span><br \/>\n<span style=\"color: #000000;\">&#8211; Sauna: Die Einhaltung der ausgeh\u00e4ngten Saunahinweise ist zwingend erforderlich. Benutzung auf eigene Gefahr.<\/span><br \/>\n<span style=\"color: #000000;\">&#8211; Parkpl\u00e4tze f\u00fcr G\u00e4ste befinden sich in der N\u00e4he der Unterkunft. Das Parken erfolgt auf eigene Gefahr und wir haften NICHT f\u00fcr Sch\u00e4den an Autos.<\/span><br \/>\n<span style=\"color: #000000;\">&#8211; Kostenloses WLAN ist in den Wohnungen verf\u00fcgbar, das Passwort steht in der Infomappe in den Einrichtungen.<\/span><br \/>\n<span style=\"color: #000000;\">&#8211; Wir bitten die G\u00e4ste, alle Einrichtungen in den Einrichtungen sicher und verantwortungsbewusst zu nutzen. Sollten Sie vors\u00e4tzlich oder fahrl\u00e4ssig einen Schaden verursachen, sind G\u00e4ste zum Ersatz verpflichtet.<\/span><br \/>\n<span style=\"color: #000000;\">&#8211; Bei St\u00f6rungen im Sanit\u00e4r- und Elektrosystem oder anderen St\u00f6rungen benachrichtigen Sie die G\u00e4ste bitte umgehend unter der Kontakttelefonnummer +386 40 160 445.<\/span><br \/>\n<span style=\"color: #000000;\">&#8211; In den Einrichtungen sind Brandschutzvorschriften sowie Hinweisschilder f\u00fcr Notausg\u00e4nge angebracht. Beachten Sie im Brandfall die Brandschutzbestimmungen und informieren Sie sich vorher \u00fcber den Standort des Feuerl\u00f6schers.<\/span><br \/>\n<span style=\"color: #000000;\">&#8211; Der Eigent\u00fcmer und Verwalter des Ferienhauses Manja haftet NICHT f\u00fcr Wertsachen, Geld und pers\u00f6nliche Gegenst\u00e4nde der G\u00e4ste. Es ist auch NICHT verantwortlich f\u00fcr die Fahrzeuge der G\u00e4ste auf dem Parkplatz.<\/span><br \/>\n<span style=\"color: #000000;\">&#8211; Bei Kindern, die in der Unterkunft \u00fcbernachten, \u00fcbernimmt der Eigent\u00fcmer und Verwalter keine Haftung f\u00fcr m\u00f6gliche Unf\u00e4lle und Verletzungen von Kindern. Der Aufenthalt von Kindern ist ausschlie\u00dflich auf eigene Gefahr gestattet bzw liegt in der Verantwortung der Eltern oder Erziehungsberechtigten, da die Unterk\u00fcnfte nicht ordnungsgem\u00e4\u00df f\u00fcr die Sicherheit von Kindern eingerichtet sind.<\/span><br \/>\n<span style=\"color: #000000;\">&#8211; Der Eigent\u00fcmer und Verwalter der Anlage ist nicht verantwortlich f\u00fcr m\u00f6gliche Ausf\u00e4lle von Strom, Wasser oder Internet aufgrund von Netzwerkfehlern, Ursachen durch den Lieferanten oder aufgrund von Wetterbedingungen.<\/span><br \/>\n<span style=\"color: #000000;\">&#8211; Der Eigent\u00fcmer und Verwalter der Unterkunft haftet nicht f\u00fcr geistige und k\u00f6rperliche Sch\u00e4den, die durch h\u00f6here Gewalt (Sturm, Hagel, Unwetter,\u2026) verursacht werden.<\/span><br \/>\n<span style=\"color: #000000;\">&#8211; Aufgrund h\u00f6herer Gewalt (Blitzschlag, Sturm, Hagel, Regenguss,\u2026) kann es zu Sch\u00e4den oder Funktionsst\u00f6rungen bestimmter Dinge in den Einrichtungen kommen, f\u00fcr die der Vermieter nicht haftbar gemacht werden kann. Soweit m\u00f6glich wird in solchen F\u00e4llen der Schaden schnellstm\u00f6glich behoben. Der Zeitpunkt der Sanierung h\u00e4ngt vom Auftragnehmer und nicht vom Vermieter ab. In solchen F\u00e4llen ist der Vermieter aufgrund h\u00f6herer Gewalt nicht verpflichtet, den Preis der Reservierung zu mindern oder einen Rabatt wegen Nichtfunktionierens von Dingen zu gew\u00e4hren oder Sch\u00e4den, die durch h\u00f6here Gewalt verursacht wurden.<\/span><br \/>\n<span style=\"color: #000000;\">&#8211; Der Eigent\u00fcmer und Verwalter der Unterkunft ist nicht verantwortlich f\u00fcr m\u00f6gliche St\u00f6rungen durch Nachbarn (L\u00e4rm, Arbeit in den Weinbergen und andere St\u00f6rungen) sowie durch Nachbarn und umliegende Tiere (Gebell von Hunden, Ankunft von Katzen in der Unterkunft, Gestank vom Bauernhof\u2026) ). Sie ist auch nicht verantwortlich f\u00fcr St\u00f6rungen auf den Einfahrten und L\u00e4rm, die durch Wartungs- und andere Arbeiten (Arbeiten an Sanit\u00e4ranlagen, Elektroinstallationen, Stra\u00dfensanierung usw.) verursacht werden, und ist nicht verpflichtet, den Preis der Reservierung zu mindern oder einen Rabatt f\u00fcr St\u00f6rungen zu gew\u00e4hren.<\/span><\/p>\n<p>&nbsp;<\/p>\n<p><span style=\"color: #000000;\">VI. ZUS\u00c4TZLICHE KOSTEN:<\/span><\/p>\n<p><span style=\"color: #000000;\">In den Unterk\u00fcnften sind Zuzahlungen m\u00f6glich, wor\u00fcber Sie bei der Buchung informiert werden.<\/span><\/p>\n<p>&nbsp;<\/p>\n<p><span style=\"color: #000000;\">VII. GESCHENKGUTSCHEIN:<\/span><\/p>\n<p><span style=\"color: #000000;\">Im Falle der Zahlung mit einem Geschenkgutschein notieren Sie bei der Reservierung auf der Website die Geschenkgutscheinnummer in den Notizen, markieren Sie die Anzahlung per Bank\u00fcberweisung, zahlen Sie die Anzahlung jedoch erst, wenn wir Sie kontaktieren. Bei der Nutzung von Geschenkgutscheinen kann es je nach Saison zu einer Zuzahlung bis zum vollen Wert des Preises kommen. Es k\u00f6nnen au\u00dferdem eine Endreinigungsgeb\u00fchr und eine obligatorische Kurtaxe anfallen.<\/span><\/p>\n<p>&nbsp;<\/p>\n<p><span style=\"color: #000000;\">Wir m\u00f6chten, dass Ihr Aufenthalt angenehm und unvergesslich wird!<\/span><\/p>\n<p>&nbsp;<\/p>\n<p><span style=\"color: #000000;\">Ferienhaus Manja****<\/span><\/p>\n<p><span style=\"color: #000000;\">\u0160MAUC TRADE d.o.o.<\/span><\/p>\n<p>&nbsp;<\/p>\n<p><span style=\"color: #000000;\">Die Allgemeinen Gesch\u00e4ftsbedingungen wurden aktualisiert und treten am 01.06.2024 in Kraft.<\/span>[\/vc_column_text][\/vc_column][\/vc_row]<\/p>\n<\/div>","protected":false},"excerpt":{"rendered":"<p>[vc_row][vc_column][vc_column_text] Die allgemeinen Gesch\u00e4ftsbedingungen f\u00fcr die Anmietung und Nutzung des Ferienhauses Manja**** sind auf der Website www.smauc.si und in der Unterkunft selbst ver\u00f6ffentlicht. Der Gast ist damit vertraut und akzeptiert sie mit der Abgabe einer Reservierung bzw durch eine m\u00fcndliche, [&hellip;]<\/p>\n","protected":false},"author":1,"featured_media":0,"parent":0,"menu_order":0,"comment_status":"closed","ping_status":"closed","template":"","meta":{"footnotes":""},"class_list":["post-14266","page","type-page","status-publish","hentry"],"aioseo_notices":[],"_links":{"self":[{"href":"https:\/\/smauc.si\/de\/wp-json\/wp\/v2\/pages\/14266","targetHints":{"allow":["GET"]}}],"collection":[{"href":"https:\/\/smauc.si\/de\/wp-json\/wp\/v2\/pages"}],"about":[{"href":"https:\/\/smauc.si\/de\/wp-json\/wp\/v2\/types\/page"}],"author":[{"embeddable":true,"href":"https:\/\/smauc.si\/de\/wp-json\/wp\/v2\/users\/1"}],"replies":[{"embeddable":true,"href":"https:\/\/smauc.si\/de\/wp-json\/wp\/v2\/comments?post=14266"}],"version-history":[{"count":6,"href":"https:\/\/smauc.si\/de\/wp-json\/wp\/v2\/pages\/14266\/revisions"}],"predecessor-version":[{"id":14353,"href":"https:\/\/smauc.si\/de\/wp-json\/wp\/v2\/pages\/14266\/revisions\/14353"}],"wp:attachment":[{"href":"https:\/\/smauc.si\/de\/wp-json\/wp\/v2\/media?parent=14266"}],"curies":[{"name":"wp","href":"https:\/\/api.w.org\/{rel}","templated":true}]}}